{"id":195,"date":"2015-10-15T13:14:00","date_gmt":"2015-10-15T12:14:00","guid":{"rendered":"http:\/\/www.gasthoflutz.de\/?page_id=195"},"modified":"2026-03-15T09:47:19","modified_gmt":"2026-03-15T08:47:19","slug":"offnungszeiten","status":"publish","type":"page","link":"http:\/\/www.gasthoflutz.de\/index.php\/offnungszeiten\/","title":{"rendered":"\u00d6ffnungszeiten"},"content":{"rendered":"<p><strong>Warme K\u00fcche t\u00e4glich au\u00dfer Montag:<\/strong><\/p>\n<ul>\n<li><strong>Dienstag &#8211; Sonntag:<\/strong> 11.30 Uhr &#8211; 14 Uhr und ab 16.30 Uhr<\/li>\n<li><strong>Montag:<\/strong> Ruhetag<\/li>\n<\/ul>\n<hr \/>\n<p><strong>Fr\u00fchst\u00fcck:<\/strong><\/p>\n<p style=\"padding-left: 30px;\">Montag 07:00 &#8211; 09:00 Uhr<br \/>\nDienstag 06:30 &#8211; 09:00 Uhr<br \/>\nMittwoch: 06:30 &#8211; 09:00 Uhr<br \/>\nDonnerstag: 06:30 &#8211; 09:00 Uhr<br \/>\nFreitag: 06:30 &#8211; 09:00 Uhr<br \/>\nSamstag: 07:30 &#8211; 09:30 Uhr<br \/>\nSonntag: 07:30 &#8211; 10:00 Uhr<\/p>\n","protected":false},"excerpt":{"rendered":"<p>Warme K\u00fcche t\u00e4glich au\u00dfer Montag: Dienstag &#8211; Sonntag: 11.30 Uhr &#8211; 14 Uhr und ab 16.30 Uhr Montag: Ruhetag Fr\u00fchst\u00fcck: Montag 07:00 &#8211; 09:00 Uhr Dienstag 06:30 &#8211; 09:00 Uhr Mittwoch: 06:30 &#8211; 09:00 Uhr Donnerstag: 06:30 &#8211; 09:00 Uhr<\/p>\n","protected":false},"author":1,"featured_media":0,"parent":0,"menu_order":0,"comment_status":"closed","ping_status":"closed","template":"","meta":{"footnotes":""},"class_list":["post-195","page","type-page","status-publish","hentry"],"_links":{"self":[{"href":"http:\/\/www.gasthoflutz.de\/index.php\/wp-json\/wp\/v2\/pages\/195","targetHints":{"allow":["GET"]}}],"collection":[{"href":"http:\/\/www.gasthoflutz.de\/index.php\/wp-json\/wp\/v2\/pages"}],"about":[{"href":"http:\/\/www.gasthoflutz.de\/index.php\/wp-json\/wp\/v2\/types\/page"}],"author":[{"embeddable":true,"href":"http:\/\/www.gasthoflutz.de\/index.php\/wp-json\/wp\/v2\/users\/1"}],"replies":[{"embeddable":true,"href":"http:\/\/www.gasthoflutz.de\/index.php\/wp-json\/wp\/v2\/comments?post=195"}],"version-history":[{"count":14,"href":"http:\/\/www.gasthoflutz.de\/index.php\/wp-json\/wp\/v2\/pages\/195\/revisions"}],"predecessor-version":[{"id":592,"href":"http:\/\/www.gasthoflutz.de\/index.php\/wp-json\/wp\/v2\/pages\/195\/revisions\/592"}],"wp:attachment":[{"href":"http:\/\/www.gasthoflutz.de\/index.php\/wp-json\/wp\/v2\/media?parent=195"}],"curies":[{"name":"wp","href":"https:\/\/api.w.org\/{rel}","templated":true}]}}