{"id":58,"date":"2015-10-08T08:32:49","date_gmt":"2015-10-08T07:32:49","guid":{"rendered":"http:\/\/www.gasthoflutz.de\/?page_id=58"},"modified":"2026-04-08T19:12:11","modified_gmt":"2026-04-08T18:12:11","slug":"zimmer","status":"publish","type":"page","link":"http:\/\/www.gasthoflutz.de\/index.php\/zimmer\/","title":{"rendered":"Zimmer"},"content":{"rendered":"<p>Unser Gasthof verf\u00fcgt \u00fcber 38 Zimmer mit verschiedenen Ausstattungs- und Preisvarianten. Zimmerpreise variieren immer nach der Aufenthaltsdauer.<br \/>\nAlle Preise sind inklusive Fr\u00fchst\u00fcck, Parken und WLAN-Zugang. <strong>Anreise Montags nur bis 20 Uhr m\u00f6glich.<br \/>\n<\/strong>Bitte beachten Sie auch unsere <a href=\"http:\/\/www.gasthoflutz.de\/index.php\/offnungszeiten\/\">Fr\u00fchst\u00fcckszeiten.<\/a><strong><br \/>\n<\/strong><\/p>\n<p>Alle Zimmer sind ausgestattet mit DU\/WC\/TV\/W-LAN<\/p>\n<p>Einzelzimmer: 59,- Euro<br \/>\nDoppelzimmer: 82,- Euro<br \/>\nDreibettzimmer: 93,- Euro<br \/>\nVierbettzimmer: 99,- Euro<\/p>\n<p>Wochenpreise auf Anfrage.<\/p>\n<div id='gallery-1' class='gallery galleryid-58 gallery-columns-3 gallery-size-medium'><figure class='gallery-item'>\n\t\t\t<div class='gallery-icon landscape'>\n\t\t\t\t<a href='http:\/\/www.gasthoflutz.de\/index.php\/zimmer\/konica-minolta-digital-camera-7\/'><img loading=\"lazy\" decoding=\"async\" width=\"300\" height=\"199\" src=\"http:\/\/www.gasthoflutz.de\/wp-content\/uploads\/2015\/10\/G\u00e4stehaus-Doppelzimmer-3-300x199.jpg\" class=\"attachment-medium size-medium\" alt=\"\" srcset=\"http:\/\/www.gasthoflutz.de\/wp-content\/uploads\/2015\/10\/G\u00e4stehaus-Doppelzimmer-3-300x199.jpg 300w, http:\/\/www.gasthoflutz.de\/wp-content\/uploads\/2015\/10\/G\u00e4stehaus-Doppelzimmer-3-1024x681.jpg 1024w\" sizes=\"auto, (max-width: 300px) 100vw, 300px\" \/><\/a>\n\t\t\t<\/div><\/figure><figure class='gallery-item'>\n\t\t\t<div class='gallery-icon landscape'>\n\t\t\t\t<a href='http:\/\/www.gasthoflutz.de\/index.php\/zimmer\/konica-minolta-digital-camera-8\/'><img loading=\"lazy\" decoding=\"async\" width=\"300\" height=\"199\" src=\"http:\/\/www.gasthoflutz.de\/wp-content\/uploads\/2015\/10\/G\u00e4stehaus-Doppelzimmer-300x199.jpg\" class=\"attachment-medium size-medium\" alt=\"\" srcset=\"http:\/\/www.gasthoflutz.de\/wp-content\/uploads\/2015\/10\/G\u00e4stehaus-Doppelzimmer-300x199.jpg 300w, http:\/\/www.gasthoflutz.de\/wp-content\/uploads\/2015\/10\/G\u00e4stehaus-Doppelzimmer-1024x681.jpg 1024w\" sizes=\"auto, (max-width: 300px) 100vw, 300px\" \/><\/a>\n\t\t\t<\/div><\/figure><figure class='gallery-item'>\n\t\t\t<div class='gallery-icon landscape'>\n\t\t\t\t<a href='http:\/\/www.gasthoflutz.de\/index.php\/zimmer\/konica-minolta-digital-camera-9\/'><img loading=\"lazy\" decoding=\"async\" width=\"300\" height=\"199\" src=\"http:\/\/www.gasthoflutz.de\/wp-content\/uploads\/2015\/10\/G\u00e4stehaus-Erkerzimmer-300x199.jpg\" class=\"attachment-medium size-medium\" alt=\"\" srcset=\"http:\/\/www.gasthoflutz.de\/wp-content\/uploads\/2015\/10\/G\u00e4stehaus-Erkerzimmer-300x199.jpg 300w, http:\/\/www.gasthoflutz.de\/wp-content\/uploads\/2015\/10\/G\u00e4stehaus-Erkerzimmer-1024x681.jpg 1024w\" sizes=\"auto, (max-width: 300px) 100vw, 300px\" \/><\/a>\n\t\t\t<\/div><\/figure><figure class='gallery-item'>\n\t\t\t<div class='gallery-icon portrait'>\n\t\t\t\t<a href='http:\/\/www.gasthoflutz.de\/index.php\/zimmer\/badezimmer-1\/'><img loading=\"lazy\" decoding=\"async\" width=\"225\" height=\"300\" src=\"http:\/\/www.gasthoflutz.de\/wp-content\/uploads\/2015\/10\/Badezimmer-1-225x300.jpg\" class=\"attachment-medium size-medium\" alt=\"\" srcset=\"http:\/\/www.gasthoflutz.de\/wp-content\/uploads\/2015\/10\/Badezimmer-1-225x300.jpg 225w, http:\/\/www.gasthoflutz.de\/wp-content\/uploads\/2015\/10\/Badezimmer-1.jpg 708w\" sizes=\"auto, (max-width: 225px) 100vw, 225px\" \/><\/a>\n\t\t\t<\/div><\/figure><figure class='gallery-item'>\n\t\t\t<div class='gallery-icon landscape'>\n\t\t\t\t<a href='http:\/\/www.gasthoflutz.de\/index.php\/zimmer\/gastehaus-einzelzimmer\/'><img loading=\"lazy\" decoding=\"async\" width=\"300\" height=\"225\" src=\"http:\/\/www.gasthoflutz.de\/wp-content\/uploads\/2015\/10\/G\u00e4stehaus-Einzelzimmer-300x225.jpg\" class=\"attachment-medium size-medium\" alt=\"\" srcset=\"http:\/\/www.gasthoflutz.de\/wp-content\/uploads\/2015\/10\/G\u00e4stehaus-Einzelzimmer-300x225.jpg 300w, http:\/\/www.gasthoflutz.de\/wp-content\/uploads\/2015\/10\/G\u00e4stehaus-Einzelzimmer-1024x768.jpg 1024w\" sizes=\"auto, (max-width: 300px) 100vw, 300px\" \/><\/a>\n\t\t\t<\/div><\/figure>\n\t\t<\/div>\n\n<p>&nbsp;<\/p>\n<div id='gallery-2' class='gallery galleryid-58 gallery-columns-3 gallery-size-medium'><figure class='gallery-item'>\n\t\t\t<div class='gallery-icon landscape'>\n\t\t\t\t<a href='http:\/\/www.gasthoflutz.de\/index.php\/zimmer\/konica-minolta-digital-camera-5\/'><img loading=\"lazy\" decoding=\"async\" width=\"300\" height=\"199\" src=\"http:\/\/www.gasthoflutz.de\/wp-content\/uploads\/2015\/10\/Haupthaus-renoviertes-Einzelzimmer-300x199.jpg\" class=\"attachment-medium size-medium\" alt=\"\" srcset=\"http:\/\/www.gasthoflutz.de\/wp-content\/uploads\/2015\/10\/Haupthaus-renoviertes-Einzelzimmer-300x199.jpg 300w, http:\/\/www.gasthoflutz.de\/wp-content\/uploads\/2015\/10\/Haupthaus-renoviertes-Einzelzimmer-1024x681.jpg 1024w\" sizes=\"auto, (max-width: 300px) 100vw, 300px\" \/><\/a>\n\t\t\t<\/div><\/figure><figure class='gallery-item'>\n\t\t\t<div class='gallery-icon landscape'>\n\t\t\t\t<a href='http:\/\/www.gasthoflutz.de\/index.php\/zimmer\/konica-minolta-digital-camera-4\/'><img loading=\"lazy\" decoding=\"async\" width=\"300\" height=\"199\" src=\"http:\/\/www.gasthoflutz.de\/wp-content\/uploads\/2015\/10\/Haupthaus-renoviertes-Einzelzimmer-2-300x199.jpg\" class=\"attachment-medium size-medium\" alt=\"\" srcset=\"http:\/\/www.gasthoflutz.de\/wp-content\/uploads\/2015\/10\/Haupthaus-renoviertes-Einzelzimmer-2-300x199.jpg 300w, http:\/\/www.gasthoflutz.de\/wp-content\/uploads\/2015\/10\/Haupthaus-renoviertes-Einzelzimmer-2-1024x681.jpg 1024w\" sizes=\"auto, (max-width: 300px) 100vw, 300px\" \/><\/a>\n\t\t\t<\/div><\/figure><figure class='gallery-item'>\n\t\t\t<div class='gallery-icon portrait'>\n\t\t\t\t<a href='http:\/\/www.gasthoflutz.de\/index.php\/zimmer\/konica-minolta-digital-camera-3\/'><img loading=\"lazy\" decoding=\"async\" width=\"199\" height=\"300\" src=\"http:\/\/www.gasthoflutz.de\/wp-content\/uploads\/2015\/10\/Haupthaus-Moneurzimmer-199x300.jpg\" class=\"attachment-medium size-medium\" alt=\"\" srcset=\"http:\/\/www.gasthoflutz.de\/wp-content\/uploads\/2015\/10\/Haupthaus-Moneurzimmer-199x300.jpg 199w, http:\/\/www.gasthoflutz.de\/wp-content\/uploads\/2015\/10\/Haupthaus-Moneurzimmer-681x1024.jpg 681w, http:\/\/www.gasthoflutz.de\/wp-content\/uploads\/2015\/10\/Haupthaus-Moneurzimmer.jpg 2000w\" sizes=\"auto, (max-width: 199px) 100vw, 199px\" \/><\/a>\n\t\t\t<\/div><\/figure>\n\t\t<\/div>\n\n<p>&nbsp;<\/p>\n","protected":false},"excerpt":{"rendered":"<p>Unser Gasthof verf\u00fcgt \u00fcber 38 Zimmer mit verschiedenen Ausstattungs- und Preisvarianten. Zimmerpreise variieren immer nach der Aufenthaltsdauer. Alle Preise sind inklusive Fr\u00fchst\u00fcck, Parken und WLAN-Zugang. Anreise Montags nur bis 20 Uhr m\u00f6glich. Bitte beachten Sie auch unsere Fr\u00fchst\u00fcckszeiten. Alle Zimmer<\/p>\n","protected":false},"author":1,"featured_media":113,"parent":0,"menu_order":0,"comment_status":"closed","ping_status":"closed","template":"","meta":{"footnotes":""},"class_list":["post-58","page","type-page","status-publish","has-post-thumbnail","hentry"],"_links":{"self":[{"href":"http:\/\/www.gasthoflutz.de\/index.php\/wp-json\/wp\/v2\/pages\/58","targetHints":{"allow":["GET"]}}],"collection":[{"href":"http:\/\/www.gasthoflutz.de\/index.php\/wp-json\/wp\/v2\/pages"}],"about":[{"href":"http:\/\/www.gasthoflutz.de\/index.php\/wp-json\/wp\/v2\/types\/page"}],"author":[{"embeddable":true,"href":"http:\/\/www.gasthoflutz.de\/index.php\/wp-json\/wp\/v2\/users\/1"}],"replies":[{"embeddable":true,"href":"http:\/\/www.gasthoflutz.de\/index.php\/wp-json\/wp\/v2\/comments?post=58"}],"version-history":[{"count":26,"href":"http:\/\/www.gasthoflutz.de\/index.php\/wp-json\/wp\/v2\/pages\/58\/revisions"}],"predecessor-version":[{"id":594,"href":"http:\/\/www.gasthoflutz.de\/index.php\/wp-json\/wp\/v2\/pages\/58\/revisions\/594"}],"wp:featuredmedia":[{"embeddable":true,"href":"http:\/\/www.gasthoflutz.de\/index.php\/wp-json\/wp\/v2\/media\/113"}],"wp:attachment":[{"href":"http:\/\/www.gasthoflutz.de\/index.php\/wp-json\/wp\/v2\/media?parent=58"}],"curies":[{"name":"wp","href":"https:\/\/api.w.org\/{rel}","templated":true}]}}