{"id":62,"date":"2015-10-08T08:34:58","date_gmt":"2015-10-08T07:34:58","guid":{"rendered":"http:\/\/www.gasthoflutz.de\/?page_id=62"},"modified":"2024-04-10T18:24:50","modified_gmt":"2024-04-10T17:24:50","slug":"anreise","status":"publish","type":"page","link":"http:\/\/www.gasthoflutz.de\/index.php\/anreise\/","title":{"rendered":"Anreise"},"content":{"rendered":"<p>Die Auswahl der Parkpl\u00e4tze direkt vor Ort ist limitiert! Benutzen Sie deshalb die kostenlosen Parkpl\u00e4tze am Ortseingang (aus W\u00fcrzburg kommend). Von dort sind es ca. 300 Meter zu Fu\u00df bis zu uns. Kostenpflichtige Ladestationen f\u00fcr E-Autos sind dort ebenfalls vorhanden.<\/p>\n<h4>mit dem Auto:<\/h4>\n<p>von der A3 kommend Ausfahrt W\u00fcrzburg Heidingsfeld B 19 Richtung Giebelstadt, 12 km<br \/>\nvon der A7 kommend Ausfahrt Marktbreit, Richtung Ochsenfurt, Beschilderung nach Giebelstadt folgen, 12 km.<\/p>\n<h4>mit der Bahn\/Bus:<\/h4>\n<p>Vom\u00a0Hauptbahnhof W\u00fcrzburg f\u00e4hrt vom Busbahnhof st\u00fcndlich ein Bus nach Giebelstadt, Haltestelle Ingolst\u00e4dter Stra\u00dfe.<br \/>\n<a href=\"http:\/\/www.vvm-info.de\/fahrplaene\/2415081.pdf?t=1504682554754\" target=\"_blank\" rel=\"noopener noreferrer\">(Download Busfahrplan Linie 421)<\/a><\/p>\n","protected":false},"excerpt":{"rendered":"<p>Die Auswahl der Parkpl\u00e4tze direkt vor Ort ist limitiert! Benutzen Sie deshalb die kostenlosen Parkpl\u00e4tze am Ortseingang (aus W\u00fcrzburg kommend). Von dort sind es ca. 300 Meter zu Fu\u00df bis zu uns. Kostenpflichtige Ladestationen f\u00fcr E-Autos sind dort ebenfalls vorhanden.<\/p>\n","protected":false},"author":1,"featured_media":0,"parent":0,"menu_order":0,"comment_status":"closed","ping_status":"closed","template":"","meta":{"footnotes":""},"class_list":["post-62","page","type-page","status-publish","hentry"],"_links":{"self":[{"href":"http:\/\/www.gasthoflutz.de\/index.php\/wp-json\/wp\/v2\/pages\/62","targetHints":{"allow":["GET"]}}],"collection":[{"href":"http:\/\/www.gasthoflutz.de\/index.php\/wp-json\/wp\/v2\/pages"}],"about":[{"href":"http:\/\/www.gasthoflutz.de\/index.php\/wp-json\/wp\/v2\/types\/page"}],"author":[{"embeddable":true,"href":"http:\/\/www.gasthoflutz.de\/index.php\/wp-json\/wp\/v2\/users\/1"}],"replies":[{"embeddable":true,"href":"http:\/\/www.gasthoflutz.de\/index.php\/wp-json\/wp\/v2\/comments?post=62"}],"version-history":[{"count":18,"href":"http:\/\/www.gasthoflutz.de\/index.php\/wp-json\/wp\/v2\/pages\/62\/revisions"}],"predecessor-version":[{"id":546,"href":"http:\/\/www.gasthoflutz.de\/index.php\/wp-json\/wp\/v2\/pages\/62\/revisions\/546"}],"wp:attachment":[{"href":"http:\/\/www.gasthoflutz.de\/index.php\/wp-json\/wp\/v2\/media?parent=62"}],"curies":[{"name":"wp","href":"https:\/\/api.w.org\/{rel}","templated":true}]}}