{"id":15,"date":"2015-10-07T19:05:04","date_gmt":"2015-10-07T18:05:04","guid":{"rendered":"http:\/\/www.gasthoflutz.de\/?page_id=15"},"modified":"2026-03-05T07:47:47","modified_gmt":"2026-03-05T06:47:47","slug":"reservierung","status":"publish","type":"page","link":"https:\/\/www.gasthoflutz.de\/index.php\/reservierung\/","title":{"rendered":"Mittwoch &#8222;Aus\u00b4m Ofen&#8220;"},"content":{"rendered":"<p>Fr\u00e4nkische Sch\u00e4ufele inkl. 2 Kartoffelkn\u00f6del und Salat f\u00fcr 13,50 Euro<\/p>\n","protected":false},"excerpt":{"rendered":"<p>Fr\u00e4nkische Sch\u00e4ufele inkl. 2 Kartoffelkn\u00f6del und Salat f\u00fcr 13,50 Euro<\/p>\n","protected":false},"author":1,"featured_media":189,"parent":0,"menu_order":0,"comment_status":"closed","ping_status":"closed","template":"","meta":{"footnotes":""},"class_list":["post-15","page","type-page","status-publish","has-post-thumbnail","hentry"],"_links":{"self":[{"href":"https:\/\/www.gasthoflutz.de\/index.php\/wp-json\/wp\/v2\/pages\/15","targetHints":{"allow":["GET"]}}],"collection":[{"href":"https:\/\/www.gasthoflutz.de\/index.php\/wp-json\/wp\/v2\/pages"}],"about":[{"href":"https:\/\/www.gasthoflutz.de\/index.php\/wp-json\/wp\/v2\/types\/page"}],"author":[{"embeddable":true,"href":"https:\/\/www.gasthoflutz.de\/index.php\/wp-json\/wp\/v2\/users\/1"}],"replies":[{"embeddable":true,"href":"https:\/\/www.gasthoflutz.de\/index.php\/wp-json\/wp\/v2\/comments?post=15"}],"version-history":[{"count":19,"href":"https:\/\/www.gasthoflutz.de\/index.php\/wp-json\/wp\/v2\/pages\/15\/revisions"}],"predecessor-version":[{"id":588,"href":"https:\/\/www.gasthoflutz.de\/index.php\/wp-json\/wp\/v2\/pages\/15\/revisions\/588"}],"wp:featuredmedia":[{"embeddable":true,"href":"https:\/\/www.gasthoflutz.de\/index.php\/wp-json\/wp\/v2\/media\/189"}],"wp:attachment":[{"href":"https:\/\/www.gasthoflutz.de\/index.php\/wp-json\/wp\/v2\/media?parent=15"}],"curies":[{"name":"wp","href":"https:\/\/api.w.org\/{rel}","templated":true}]}}